{"id":282,"date":"2025-12-28T11:44:31","date_gmt":"2025-12-28T11:44:31","guid":{"rendered":"https:\/\/srv101999.seohost.com.pl\/?post_type=product&#038;p=282"},"modified":"2026-04-09T23:09:19","modified_gmt":"2026-04-09T23:09:19","slug":"amplitex-500g-twill-4x4-1000mm","status":"publish","type":"product","link":"https:\/\/exatec.pl\/en\/product\/amplitex-500g-twill-4x4-1000mm\/","title":{"rendered":"ampliTex\u2122 500g Twill 4\u00d74 (1000mm)"},"content":{"rendered":"<p><strong>ampliTex\u2122<\/strong> to seria w\u0142\u00f3kien naturalnych przeznaczonych do kompozyt\u00f3w, zaprojektowanych z my\u015bl\u0105 o wysokiej wydajno\u015bci, niskiej wadze i minimalnym wp\u0142ywie na \u015brodowisko.<\/p>\n<h3><strong>Korzy\u015bci ampliTex 500g Twill<\/strong><\/h3>\n<ul>\n<li>Wysoka sztywno\u015b\u0107 i wytrzyma\u0142o\u015b\u0107 w stosunku do masy.<\/li>\n<li>Optymalizacja pod k\u0105tem u\u017cytkowania w kompozytach i wydajno\u015bci.<\/li>\n<li>Sp\u00f3jna i niezawodna jako\u015b\u0107 mi\u0119dzy partiami.<\/li>\n<li>W\u0142a\u015bciwo\u015bci lepkospr\u0119\u017cyste pozwalaj\u0105ce efektywnie t\u0142umi\u0107 drgania.<\/li>\n<li>Kompatybilno\u015b\u0107 z powszechnymi \u017cywicami, takimi jak epoksydy, poliestry i winyloestery.<\/li>\n<li>Niski wsp\u00f3\u0142czynnik rozszerzalno\u015bci cieplnej (CTE), dobrze wsp\u00f3\u0142pracuj\u0105cy z w\u0142\u00f3knami w\u0119glowymi.<\/li>\n<li>Doskona\u0142a przezroczysto\u015b\u0107 radiowa w pa\u015bmie RF (1\u201340 GHz), nawet przy grubych laminatach.<\/li>\n<li>Wyd\u0142u\u017cona \u017cywotno\u015b\u0107 zm\u0119czeniowa przy obci\u0105\u017ceniach cyklicznych.<\/li>\n<li>Kompatybilno\u015b\u0107 z technikami, takimi jak infuzja pr\u00f3\u017cniowa, r\u0119czne laminowanie, RTM, BIM, procesy autoklawowe i prasowanie w formach.<\/li>\n<li>W po\u0142\u0105czeniu z technologi\u0105 powerRibs\u2122 umo\u017cliwia stworzenie laminatu z w\u0142\u00f3kien naturalnych, kt\u00f3ry dor\u00f3wnuje sztywno\u015bci\u0105 laminatom CFRP o tej samej masie.<\/li>\n<\/ul>\n<h3><strong>Wskaz\u00f3wki dotycz\u0105ce u\u017cytkowania<\/strong><\/h3>\n<ul>\n<li>W\u0142\u00f3kna lniane ampliTex\u2122 naturalnie dobrze wi\u0105\u017c\u0105 si\u0119 z \u017cywicami epoksydowymi, poliestrowymi i winyloestrowymi.<\/li>\n<li>Zawarto\u015b\u0107 wilgoci w w\u0142\u00f3knach lnianych jest niska, ale w zale\u017cno\u015bci od warunk\u00f3w mo\u017ce wp\u0142ywa\u0107 na proces utwardzania. W przypadku wra\u017cliwo\u015bci na wilgo\u0107 nale\u017cy suszy\u0107 w\u0142\u00f3kna przed laminowaniem (np. 1 godzina w 60\u00b0C, 30 min w 85\u00b0C lub 15 min w 110\u00b0C).<\/li>\n<li>W procesach r\u0119cznego laminowania naturalne w\u0142\u00f3kna mog\u0105 poch\u0142ania\u0107 wi\u0119cej \u017cywicy ni\u017c w\u0142\u00f3kna szklane lub w\u0119glowe, co mo\u017ce powodowa\u0107 wra\u017cenie sucho\u015bci laminatu przed zag\u0119szczeniem.<\/li>\n<li>W procesach poza autoklawem zalecana zawarto\u015b\u0107 \u017cywicy to 55\u201360% wagowych laminatu.<\/li>\n<\/ul>\n<p style=\"text-align: center\">Kolor tkaniny przed laminowaniem<\/p>\n<p style=\"text-align: center\">Kolor tkaniny po laminacji<\/p>\n<h3 style=\"text-align: justify\"><strong>Jako\u015b\u0107 w\u0142\u00f3kna lnianego<\/strong><\/h3>\n<p>Jako\u015b\u0107 w\u0142\u00f3kna lnianego, grubo\u015b\u0107 prz\u0119dzy i jej skr\u0119t s\u0105 starannie zaprojektowane, aby zapewni\u0107 optymalne w\u0142a\u015bciwo\u015bci mechaniczne w gotowym elemencie kompozytowym. W\u0142\u00f3kna s\u0105 specjalnie poddawane obr\u00f3bce w celu zoptymalizowania interakcji na styku w\u0142\u00f3kno-matryca. Wykorzystujemy len europejski, a mieszanka w\u0142\u00f3kien jest dok\u0142adnie kontrolowana, aby zapewni\u0107 sta\u0142\u0105 jako\u015b\u0107 w czasie.<\/p>\n<h3><strong>Prze\u0142amywanie konwencji<\/strong><\/h3>\n<p>Czy kompozyty z w\u0142\u00f3kien lnianych mog\u0105 stanowi\u0107 bardziej zr\u00f3wnowa\u017con\u0105 alternatyw\u0119 dla tradycyjnych kompozyt\u00f3w i tworzyw sztucznych?<\/p>\n<p>Ju\u017c sprawdzone w wymagaj\u0105cym \u015bwiecie motoryzacji, sport\u00f3w motorowych oraz w r\u00f3wnie trudnej dziedzinie ekskluzywnych mebli, innowacyjne rozwi\u0105zania ampliTex\u2122 i powerRibs\u2122 firmy Bcomp to prze\u0142omowe wzmocnienia kompozytowe neutralne pod wzgl\u0119dem emisji dwutlenku w\u0119gla, wykonane w ca\u0142o\u015bci z w\u0142\u00f3kien lnianych.<\/p>\n<table style=\"width: 100%;border-collapse: collapse\">\n<tbody>\n<tr>\n<td style=\"width: 50%;padding: 6px;text-align: center;vertical-align: top\"><img decoding=\"async\" style=\"width: auto;height: auto;display: block;margin: 0 auto\" src=\"http:\/\/srv101999.seohost.com.pl\/wp-content\/uploads\/2025\/12\/5042d-232x300.png\" alt=\"Kolor tkaniny przed laminowaniem\" \/><\/td>\n<td style=\"width: 50%;padding: 6px;text-align: center;vertical-align: top\"><img decoding=\"async\" style=\"width: auto;height: auto;display: block;margin: 0 auto\" src=\"http:\/\/srv101999.seohost.com.pl\/wp-content\/uploads\/2025\/12\/5042-232x300.jpg\" alt=\"Kolor tkaniny po laminacji\" \/><\/td>\n<\/tr>\n<tr>\n<td style=\"padding: 6px;text-align: center;font-size: 13px;line-height: 1.35\">Kolor tkaniny przed laminowaniem<\/td>\n<td style=\"padding: 6px;text-align: center;font-size: 13px;line-height: 1.35\">Kolor tkaniny po laminacji<\/td>\n<\/tr>\n<\/tbody>\n<\/table>\n<p class=\"manufacturer-ref\"><strong>Producent:<\/strong> <a href=\"https:\/\/www.bcomp.ch\" target=\"_blank\" rel=\"noopener\">Bcomp<\/a> \u2013 szwajcarski producent naturalnych wzmocnie\u0144 kompozytowych stosowanych w Formule 1 i przemy\u015ble motoryzacyjnym.<\/p>","protected":false},"excerpt":{"rendered":"<p>ampliTex\u2122 500g Twill od Bcomp to tkanina lniana o splocie sko\u015bnym o gramaturze 500 g\/m\u00b2.<\/p>\n<p>Opr\u00f3cz korzy\u015bci ekologicznych, w\u0142\u00f3kna naturalne charakteryzuj\u0105 si\u0119 r\u00f3wnie\u017c atrakcyjnym, naturalnym wygl\u0105dem oraz doskona\u0142ymi w\u0142a\u015bciwo\u015bciami t\u0142umienia drga\u0144.<\/p>\n<p>Materia\u0142 nadaje si\u0119 do wi\u0119kszo\u015bci proces\u00f3w laminowania, takich jak:<\/p>\n<ul>\n<li>r\u0119czne uk\u0142adanie,<\/li>\n<li>workowanie pr\u00f3\u017cniowe,<\/li>\n<li>infuzja \u017cywic\u0105,<\/li>\n<li>RTM,<\/li>\n<li>autoklaw,<\/li>\n<li>formowanie w prasach.<\/li>\n<\/ul>\n<p>Tkanina ma szeroko\u015b\u0107 1000 mm i jest sprzedawana na metry.<\/p>","protected":false},"featured_media":313,"comment_status":"open","ping_status":"closed","template":"","meta":[],"product_brand":[129],"product_cat":[78,35,36,48,30],"product_tag":[141,24],"class_list":{"0":"post-282","1":"product","2":"type-product","3":"status-publish","4":"has-post-thumbnail","6":"product_brand-bcomp","7":"product_cat-bcomp","8":"product_cat-marka","9":"product_cat-promocje","10":"product_cat-tkaniny-z-wlokien-naturalnych","11":"product_cat-wlokna-naturalne","12":"product_tag-bcomp","13":"product_tag-bio-eco","14":"product_shipping_class-dlugie","16":"first","17":"instock","18":"sale","19":"taxable","20":"shipping-taxable","21":"purchasable","22":"product-type-simple"},"_links":{"self":[{"href":"https:\/\/exatec.pl\/en\/wp-json\/wp\/v2\/product\/282","targetHints":{"allow":["GET"]}}],"collection":[{"href":"https:\/\/exatec.pl\/en\/wp-json\/wp\/v2\/product"}],"about":[{"href":"https:\/\/exatec.pl\/en\/wp-json\/wp\/v2\/types\/product"}],"replies":[{"embeddable":true,"href":"https:\/\/exatec.pl\/en\/wp-json\/wp\/v2\/comments?post=282"}],"wp:featuredmedia":[{"embeddable":true,"href":"https:\/\/exatec.pl\/en\/wp-json\/wp\/v2\/media\/313"}],"wp:attachment":[{"href":"https:\/\/exatec.pl\/en\/wp-json\/wp\/v2\/media?parent=282"}],"wp:term":[{"taxonomy":"product_brand","embeddable":true,"href":"https:\/\/exatec.pl\/en\/wp-json\/wp\/v2\/product_brand?post=282"},{"taxonomy":"product_cat","embeddable":true,"href":"https:\/\/exatec.pl\/en\/wp-json\/wp\/v2\/product_cat?post=282"},{"taxonomy":"product_tag","embeddable":true,"href":"https:\/\/exatec.pl\/en\/wp-json\/wp\/v2\/product_tag?post=282"}],"curies":[{"name":"wp","href":"https:\/\/api.w.org\/{rel}","templated":true}]}}