{"id":306,"date":"2025-12-28T11:44:31","date_gmt":"2025-12-28T11:44:31","guid":{"rendered":"https:\/\/srv101999.seohost.com.pl\/?post_type=product&#038;p=306"},"modified":"2026-03-31T19:01:15","modified_gmt":"2026-03-31T19:01:15","slug":"wlokno-weglowe-ciete-forged-paski-12mm-100-250-500g","status":"publish","type":"product","link":"https:\/\/exatec.pl\/en\/product\/wlokno-weglowe-ciete-forged-paski-12mm-100-250-500g\/","title":{"rendered":"W\u0142\u00f3kno w\u0119glowe ci\u0119te (forged) paski 12mm &#8211; 100\/250\/500g"},"content":{"rendered":"<p>Ci\u0119te paski z w\u0142\u00f3kna w\u0119glowego (Carbon) marki ExaTec o d\u0142ugo\u015bci ok. 12mm.<\/p>\n<p>Materia\u0142 ma bardzo szerokie zastosowanie wizualne jak i strukturalne. Pomaga wytwarza\u0107 tzw. &#8222;forged carbon&#8221; i jest idealny do oklejania (skinning)<\/p>\n<h3>Zdefiniowane jednostki wagi<\/h3>\n<p>W\u0142\u00f3kno sprzedawane jest na wag\u0119 i dost\u0119pne jest w 3 zdefiniowanych rozmiarach &#8211; 100 g \/ 250 g \/ 500 g.<\/p>\n<p>Wyboru rozmiary dokupujemy klikaj\u0105c interesuj\u0105c\u0105 nas wag\u0119 obok przycisku &#8222;Dodaj Do Koszyka&#8221;<\/p>\n<h3>Praca z w\u0142\u00f3knami ci\u0119tymi<\/h3>\n<p>Ci\u0119te w\u0142\u00f3kna w\u0119glowe (chopped carbon fibre) s\u0105 kompatybilne ze wszystkimi popularnymi systemami \u017cywic, w tym epoksydowymi, winyloestrowymi i poliestrowymi.<\/p>\n<ul>\n<li>Laminowanie r\u0119czne:<br \/>\nCi\u0119te w\u0142\u00f3kna w\u0119glowe s\u0105 cz\u0119sto wykorzystywane w procesie laminowania r\u0119cznego. Ich kr\u00f3tka d\u0142ugo\u015b\u0107 pozwala na \u0142atwe dopasowanie do skomplikowanych kszta\u0142t\u00f3w, minimalizuj\u0105c efekt mostkowania (bridging). Zachowuj\u0105 si\u0119 podobnie do ci\u0119tych w\u0142\u00f3kien szklanych, co czyni je idealnym rozwi\u0105zaniem w produkcji form z w\u0142\u00f3kna w\u0119glowego.<\/li>\n<li>Infuzja:<br \/>\nCi\u0119te w\u0142\u00f3kna w\u0119glowe mog\u0105 by\u0107 r\u00f3wnie\u017c u\u017cywane w procesie infuzji \u017cywicy. Charakteryzuj\u0105 si\u0119 dobr\u0105 nasi\u0105kliwo\u015bci\u0105 i \u015bwietnie sprawdzaj\u0105 si\u0119 przy wype\u0142nianiu skomplikowanych detali, gdzie mog\u0105 zast\u0105pi\u0107 obszary nadmiaru \u017cywicy i zmniejszy\u0107 mostkowanie.<\/li>\n<li>RTM:<br \/>\nW\u0142\u00f3kna w\u0119glowe w postaci ci\u0119tej mog\u0105 by\u0107 umieszczane w zamkni\u0119tych formach, a nast\u0119pnie nas\u0105czane \u017cywic\u0105 poprzez wtrysk. To w\u0142a\u015bnie w tym procesie powsta\u0142o poj\u0119cie &#8222;forged carbon&#8221;. Ta technika pozwala na tworzenie niedrogich, ale jednocze\u015bnie wydajnych form i element\u00f3w o wysokiej wytrzyma\u0142o\u015bci.<\/li>\n<\/ul>\n<h3>Zasady bezpiecze\u0144stwa<\/h3>\n<p>Nale\u017cy pami\u0119ta\u0107, \u017ce w\u0142\u00f3kna s\u0105 poci\u0119te na ma\u0142e kawa\u0142ki i mog\u0105 wznosi\u0107 si\u0119 w powietrze podczas przesypywania lub uk\u0142adania. Zawsze zak\u0142adaj r\u0119kawiczki, okulary i mask\u0119 przeciw kurzow\u0105.<\/p>","protected":false},"excerpt":{"rendered":"<p>Ci\u0119te paski z w\u0142\u00f3kna w\u0119glowego (Carbon) marki ExaTec o d\u0142ugo\u015bci ok. 12mm.<\/p>\n<p>Materia\u0142 ma bardzo szerokie zastosowanie wizualne &#8211; u\u017cywany jest do tworzenia tzw. &#8222;forged carbon&#8221;.<\/p>\n<p>Aplikacja:<\/p>\n<ul>\n<li>Laminowanie r\u0119czne,<\/li>\n<li>Infuzja,<\/li>\n<li>RTM,<\/li>\n<li>Odlewnictwo,<\/li>\n<\/ul>\n<p>Materia\u0142 sprzedawany jest w zdefiniowanych jednostkach wagi.<\/p>","protected":false},"featured_media":380,"comment_status":"open","ping_status":"closed","template":"","meta":[],"product_brand":[128],"product_cat":[77,35,29,43],"product_tag":[139],"class_list":{"0":"post-306","1":"product","2":"type-product","3":"status-publish","4":"has-post-thumbnail","6":"product_brand-exatec","7":"product_cat-exatec-composites","8":"product_cat-marka","9":"product_cat-wlokna-weglowe","10":"product_cat-wlokna-weglowe-ciete","11":"product_tag-exatec","12":"product_shipping_class-standard","14":"first","15":"outofstock","16":"taxable","17":"shipping-taxable","18":"purchasable","19":"product-type-variable"},"_links":{"self":[{"href":"https:\/\/exatec.pl\/en\/wp-json\/wp\/v2\/product\/306","targetHints":{"allow":["GET"]}}],"collection":[{"href":"https:\/\/exatec.pl\/en\/wp-json\/wp\/v2\/product"}],"about":[{"href":"https:\/\/exatec.pl\/en\/wp-json\/wp\/v2\/types\/product"}],"replies":[{"embeddable":true,"href":"https:\/\/exatec.pl\/en\/wp-json\/wp\/v2\/comments?post=306"}],"wp:featuredmedia":[{"embeddable":true,"href":"https:\/\/exatec.pl\/en\/wp-json\/wp\/v2\/media\/380"}],"wp:attachment":[{"href":"https:\/\/exatec.pl\/en\/wp-json\/wp\/v2\/media?parent=306"}],"wp:term":[{"taxonomy":"product_brand","embeddable":true,"href":"https:\/\/exatec.pl\/en\/wp-json\/wp\/v2\/product_brand?post=306"},{"taxonomy":"product_cat","embeddable":true,"href":"https:\/\/exatec.pl\/en\/wp-json\/wp\/v2\/product_cat?post=306"},{"taxonomy":"product_tag","embeddable":true,"href":"https:\/\/exatec.pl\/en\/wp-json\/wp\/v2\/product_tag?post=306"}],"curies":[{"name":"wp","href":"https:\/\/api.w.org\/{rel}","templated":true}]}}