{"id":421,"date":"2025-12-28T11:45:10","date_gmt":"2025-12-28T11:45:10","guid":{"rendered":"https:\/\/srv101999.seohost.com.pl\/?post_type=product&#038;p=421"},"modified":"2026-04-19T18:27:26","modified_gmt":"2026-04-19T18:27:26","slug":"siatka-infuzyjna-greenflow-75-1041mm","status":"publish","type":"product","link":"https:\/\/exatec.pl\/en\/product\/siatka-infuzyjna-greenflow-75-1041mm\/","title":{"rendered":"Siatka infuzyjna Greenflow 75 (1041mm)"},"content":{"rendered":"<p>Greenflow 75 zaprojektowano do efektywnego rozprowadzania \u017cywicy przy minimalnych stratach, dzi\u0119ki niskiej wysoko\u015bci i zwartej konstrukcji. Greenflow 75 mo\u017cna stosowa\u0107 z \u017cywicami poliestrowymi, winyloestrowymi i epoksydowymi.<\/p>\n<p class=\"manufacturer-ref\"><strong>Producent:<\/strong> <a href=\"https:\/\/www.airtechonline.com\" target=\"_blank\" rel=\"noopener\">AirTech International<\/a> \u2013 \u015bwiatowy lider materia\u0142\u00f3w pomocniczych do proces\u00f3w kompozytowych z ponad 50-letnim do\u015bwiadczeniem.<\/p>","protected":false},"excerpt":{"rendered":"<p>Greenflow 75 zaprojektowano do efektywnego rozprowadzania \u017cywicy przy minimalnych stratach, dzi\u0119ki niskiej wysoko\u015bci i zwartej konstrukcji. Greenflow 75 mo\u017cna stosowa\u0107 z \u017cywicami poliestrowymi, winyloestrowymi i epoksydowymi.<\/p>","protected":false},"featured_media":456,"comment_status":"open","ping_status":"closed","template":"","meta":[],"product_brand":[130],"product_cat":[80,73,35,33,61,65,34],"product_tag":[138],"class_list":{"0":"post-421","1":"product","2":"type-product","3":"status-publish","4":"has-post-thumbnail","6":"product_brand-airtech","7":"product_cat-airtech","8":"product_cat-infuzja-prozniowa","9":"product_cat-marka","10":"product_cat-materialy-pomocnicze","11":"product_cat-metoda-worka-prozniowego","12":"product_cat-siatka-infuzyjna","13":"product_cat-technologia","14":"product_tag-airtech","15":"product_shipping_class-standard","17":"first","18":"instock","19":"taxable","20":"shipping-taxable","21":"purchasable","22":"product-type-simple"},"_links":{"self":[{"href":"https:\/\/exatec.pl\/en\/wp-json\/wp\/v2\/product\/421","targetHints":{"allow":["GET"]}}],"collection":[{"href":"https:\/\/exatec.pl\/en\/wp-json\/wp\/v2\/product"}],"about":[{"href":"https:\/\/exatec.pl\/en\/wp-json\/wp\/v2\/types\/product"}],"replies":[{"embeddable":true,"href":"https:\/\/exatec.pl\/en\/wp-json\/wp\/v2\/comments?post=421"}],"wp:featuredmedia":[{"embeddable":true,"href":"https:\/\/exatec.pl\/en\/wp-json\/wp\/v2\/media\/456"}],"wp:attachment":[{"href":"https:\/\/exatec.pl\/en\/wp-json\/wp\/v2\/media?parent=421"}],"wp:term":[{"taxonomy":"product_brand","embeddable":true,"href":"https:\/\/exatec.pl\/en\/wp-json\/wp\/v2\/product_brand?post=421"},{"taxonomy":"product_cat","embeddable":true,"href":"https:\/\/exatec.pl\/en\/wp-json\/wp\/v2\/product_cat?post=421"},{"taxonomy":"product_tag","embeddable":true,"href":"https:\/\/exatec.pl\/en\/wp-json\/wp\/v2\/product_tag?post=421"}],"curies":[{"name":"wp","href":"https:\/\/api.w.org\/{rel}","templated":true}]}}