{"id":423,"date":"2025-12-28T11:45:10","date_gmt":"2025-12-28T11:45:10","guid":{"rendered":"https:\/\/srv101999.seohost.com.pl\/?post_type=product&#038;p=423"},"modified":"2026-04-19T16:26:56","modified_gmt":"2026-04-19T16:26:56","slug":"worek-prozniowy-wrightlon-250y-lft-1520mm","status":"publish","type":"product","link":"https:\/\/exatec.pl\/en\/product\/worek-prozniowy-wrightlon-250y-lft-1520mm\/","title":{"rendered":"Worek pr\u00f3\u017cniowy Wrightlon\u00ae 250Y LFT (1520mm)"},"content":{"rendered":"<p><b>Folia do workowania pr\u00f3\u017cniowego Wrightlon\u00ae 250Y<\/b> charakteryzuje si\u0119 wysokim wyd\u0142u\u017ceniem, elastyczno\u015bci\u0105 i wytrzyma\u0142o\u015bci\u0105 na rozci\u0105ganie. Zwi\u0119kszone parametry fizyczne zapewniaj\u0105 dodatkowe bezpiecze\u0144stwo nawet w wymagaj\u0105cych warunkach. Wrightlon\u00ae 250Y doskonale sprawdza si\u0119 w aplikacjach motoryzacyjnych, morskich i innych procesach komercyjnego workowania pr\u00f3\u017cniowego. Nadaje si\u0119 zar\u00f3wno do autoklaw\u00f3w, jak i do wygrzewania w piecu.<\/p>\n<p><b>KORZY\u015aCI<\/b><\/p>\n<ul>\n<li>Szerokie rolki oszcz\u0119dzaj\u0105 czas i koszty \u0142\u0105czenia folii przy du\u017cych cz\u0119\u015bciach.<\/li>\n<li>Mniejsza liczba zgrzew\u00f3w ogranicza ryzyko przeciek\u00f3w i powstawania brak\u00f3w.<\/li>\n<li>Wysokie w\u0142a\u015bciwo\u015bci mechaniczne minimalizuj\u0105 straty zwi\u0105zane ze spadkiem pr\u00f3\u017cni.<\/li>\n<\/ul>\n<p class=\"manufacturer-ref\"><strong>Producent:<\/strong> <a href=\"https:\/\/www.airtechonline.com\" target=\"_blank\" rel=\"noopener\">AirTech International<\/a> \u2013 \u015bwiatowy lider materia\u0142\u00f3w pomocniczych do proces\u00f3w kompozytowych z ponad 50-letnim do\u015bwiadczeniem.<\/p>","protected":false},"excerpt":{"rendered":"<p>Folia do workowania pr\u00f3\u017cniowego Wrightlon\u00ae 250Y charakteryzuje si\u0119 wysokim wyd\u0142u\u017ceniem, elastyczno\u015bci\u0105 i wytrzyma\u0142o\u015bci\u0105 na rozci\u0105ganie. Zwi\u0119kszone parametry fizyczne zapewniaj\u0105 dodatkowe bezpiecze\u0144stwo nawet w wymagaj\u0105cych warunkach. Wrightlon\u00ae 250Y doskonale sprawdza si\u0119 w aplikacjach motoryzacyjnych, morskich i innych procesach komercyjnego workowania pr\u00f3\u017cniowego. Nadaje si\u0119 zar\u00f3wno do autoklaw\u00f3w, jak i do wygrzewania w piecu.<\/p>\n<p>Typ LFT (worek &#8211; po rozci\u0119ciu jednej kraw\u0119dzi szeroko\u015b\u0107 jest dwukrotna)<\/p>","protected":false},"featured_media":461,"comment_status":"open","ping_status":"closed","template":"","meta":[],"product_brand":[130],"product_cat":[80,73,35,33,61,76,34,66,74],"product_tag":[138],"class_list":{"0":"post-423","1":"product","2":"type-product","3":"status-publish","4":"has-post-thumbnail","6":"product_brand-airtech","7":"product_cat-airtech","8":"product_cat-infuzja-prozniowa","9":"product_cat-marka","10":"product_cat-materialy-pomocnicze","11":"product_cat-metoda-worka-prozniowego","12":"product_cat-prepreg","13":"product_cat-technologia","14":"product_cat-worek-prozniowy","15":"product_cat-worka-prozniowego-laminacja","16":"product_tag-airtech","17":"product_shipping_class-standard","19":"first","20":"instock","21":"taxable","22":"shipping-taxable","23":"purchasable","24":"product-type-simple"},"_links":{"self":[{"href":"https:\/\/exatec.pl\/en\/wp-json\/wp\/v2\/product\/423","targetHints":{"allow":["GET"]}}],"collection":[{"href":"https:\/\/exatec.pl\/en\/wp-json\/wp\/v2\/product"}],"about":[{"href":"https:\/\/exatec.pl\/en\/wp-json\/wp\/v2\/types\/product"}],"replies":[{"embeddable":true,"href":"https:\/\/exatec.pl\/en\/wp-json\/wp\/v2\/comments?post=423"}],"wp:featuredmedia":[{"embeddable":true,"href":"https:\/\/exatec.pl\/en\/wp-json\/wp\/v2\/media\/461"}],"wp:attachment":[{"href":"https:\/\/exatec.pl\/en\/wp-json\/wp\/v2\/media?parent=423"}],"wp:term":[{"taxonomy":"product_brand","embeddable":true,"href":"https:\/\/exatec.pl\/en\/wp-json\/wp\/v2\/product_brand?post=423"},{"taxonomy":"product_cat","embeddable":true,"href":"https:\/\/exatec.pl\/en\/wp-json\/wp\/v2\/product_cat?post=423"},{"taxonomy":"product_tag","embeddable":true,"href":"https:\/\/exatec.pl\/en\/wp-json\/wp\/v2\/product_tag?post=423"}],"curies":[{"name":"wp","href":"https:\/\/api.w.org\/{rel}","templated":true}]}}