{"id":424,"date":"2025-12-28T11:45:10","date_gmt":"2025-12-28T11:45:10","guid":{"rendered":"https:\/\/srv101999.seohost.com.pl\/?post_type=product&#038;p=424"},"modified":"2026-04-19T18:27:29","modified_gmt":"2026-04-19T18:27:29","slug":"material-sorpcyjny-breather-econoweave-44-1520-mm","status":"publish","type":"product","link":"https:\/\/exatec.pl\/en\/product\/material-sorpcyjny-breather-econoweave-44-1520-mm\/","title":{"rendered":"Materia\u0142 sorpcyjny Breather Econoweave 44 (1520 mm)"},"content":{"rendered":"<p><strong>ZALETY<\/strong><\/p>\n<ul>\n<li>Niski koszt materia\u0142u pozwala znacz\u0105co obni\u017cy\u0107 koszty procesu workowania pr\u00f3\u017cniowego.<\/li>\n<li>Skuteczny oddychacz w zastosowaniach wysokotemperaturowych.<\/li>\n<li>Mo\u017ce pe\u0142ni\u0107 funkcj\u0119 \u201ebleedera\u201d (ods\u0105czacza) w aplikacjach z wysok\u0105 zawarto\u015bci\u0105 \u017cywicy.<\/li>\n<\/ul>\n<p class=\"manufacturer-ref\"><strong>Producent:<\/strong> <a href=\"https:\/\/www.airtechonline.com\" target=\"_blank\" rel=\"noopener\">AirTech International<\/a> \u2013 \u015bwiatowy lider materia\u0142\u00f3w pomocniczych do proces\u00f3w kompozytowych z ponad 50-letnim do\u015bwiadczeniem.<\/p>","protected":false},"excerpt":{"rendered":"<p>Econoweave\u00ae 44 to oddychaj\u0105ca w\u0142\u00f3knina z poliestru z recyklingu, przeznaczona do proces\u00f3w utwardzania w temperaturze pokojowej oraz podwy\u017cszonej (dla prepreg i laminacji r\u0119cznej). Materia\u0142y sorpcyjne \/ oddychacze Econoweave\u00ae zosta\u0142y zaprojektowane jako ekonomiczne rozwi\u0105zanie do zastosowa\u0144 w przemy\u015ble morskim, motoryzacyjnym, kompozytowym, a tak\u017ce do proces\u00f3w kompakcji i odgazowywania. Materia\u0142 ma \u015bredni\u0105 gramatur\u0119, umiarkowan\u0105 grubo\u015b\u0107 i bardzo dobr\u0105 plastyczno\u015b\u0107, co pozwala mu \u0142atwo dopasowa\u0107 si\u0119 do kszta\u0142t\u00f3w konturowych.<\/p>","protected":false},"featured_media":471,"comment_status":"open","ping_status":"closed","template":"","meta":[],"product_brand":[130],"product_cat":[80,73,72,35,63,33,61,76,34,74],"product_tag":[138],"class_list":{"0":"post-424","1":"product","2":"type-product","3":"status-publish","4":"has-post-thumbnail","6":"product_brand-airtech","7":"product_cat-airtech","8":"product_cat-infuzja-prozniowa","9":"product_cat-laminacja-reczna","10":"product_cat-marka","11":"product_cat-material-sorpcyjny","12":"product_cat-materialy-pomocnicze","13":"product_cat-metoda-worka-prozniowego","14":"product_cat-prepreg","15":"product_cat-technologia","16":"product_cat-worka-prozniowego-laminacja","17":"product_tag-airtech","18":"product_shipping_class-standard","20":"first","21":"instock","22":"taxable","23":"shipping-taxable","24":"purchasable","25":"product-type-simple"},"_links":{"self":[{"href":"https:\/\/exatec.pl\/en\/wp-json\/wp\/v2\/product\/424","targetHints":{"allow":["GET"]}}],"collection":[{"href":"https:\/\/exatec.pl\/en\/wp-json\/wp\/v2\/product"}],"about":[{"href":"https:\/\/exatec.pl\/en\/wp-json\/wp\/v2\/types\/product"}],"replies":[{"embeddable":true,"href":"https:\/\/exatec.pl\/en\/wp-json\/wp\/v2\/comments?post=424"}],"wp:featuredmedia":[{"embeddable":true,"href":"https:\/\/exatec.pl\/en\/wp-json\/wp\/v2\/media\/471"}],"wp:attachment":[{"href":"https:\/\/exatec.pl\/en\/wp-json\/wp\/v2\/media?parent=424"}],"wp:term":[{"taxonomy":"product_brand","embeddable":true,"href":"https:\/\/exatec.pl\/en\/wp-json\/wp\/v2\/product_brand?post=424"},{"taxonomy":"product_cat","embeddable":true,"href":"https:\/\/exatec.pl\/en\/wp-json\/wp\/v2\/product_cat?post=424"},{"taxonomy":"product_tag","embeddable":true,"href":"https:\/\/exatec.pl\/en\/wp-json\/wp\/v2\/product_tag?post=424"}],"curies":[{"name":"wp","href":"https:\/\/api.w.org\/{rel}","templated":true}]}}