{"id":529,"date":"2025-12-29T11:54:53","date_gmt":"2025-12-29T11:54:53","guid":{"rendered":"https:\/\/srv101999.seohost.com.pl\/?post_type=product&#038;p=529"},"modified":"2026-04-19T16:26:57","modified_gmt":"2026-04-19T16:26:57","slug":"econotape-1-flashtape-tasma-25mm-x-66mb","status":"publish","type":"product","link":"https:\/\/exatec.pl\/en\/product\/econotape-1-flashtape-tasma-25mm-x-66mb\/","title":{"rendered":"Econotape 1 Flashtape &#8211; ta\u015bma 25mm x 66mb"},"content":{"rendered":"<p><strong>EconoTape 1<\/strong>\u00a0to uniwersalna ta\u015bma silikonowa przeznaczona do zastosowa\u0144 w procesach laminowania i pracy z workiem pr\u00f3\u017cniowym. \u0141\u0105czy bardzo dobr\u0105 przyczepno\u015b\u0107 z \u0142atwym usuwaniem po zako\u0144czeniu procesu utwardzania, co znacz\u0105co u\u0142atwia prac\u0119 i minimalizuje ryzyko uszkodzenia powierzchni.<\/p>\n<h4>Zalety<\/h4>\n<ul>\n<li>Doskona\u0142a przyczepno\u015b\u0107 oraz \u0142atwe usuwanie po utwardzeniu (cure).<\/li>\n<li>Wysoka odporno\u015b\u0107 na \u015bcieranie przy kontakcie z chropowatymi powierzchniami.<\/li>\n<li>Bardzo dobra podatno\u015b\u0107 na dopasowanie do nieregularnych i z\u0142o\u017conych kszta\u0142t\u00f3w.<\/li>\n<\/ul>\n<p>EconoTape 1 sprawdzi si\u0119 zar\u00f3wno w prostych, jak i bardziej wymagaj\u0105cych aplikacjach kompozytowych, gdzie liczy si\u0119 niezawodno\u015b\u0107, odporno\u015b\u0107 temperaturowa oraz komfort pracy podczas i po procesie laminowania.<\/p>\n<p class=\"manufacturer-ref\"><strong>Producent:<\/strong> <a href=\"https:\/\/www.airtechonline.com\" target=\"_blank\" rel=\"noopener\">AirTech International<\/a> \u2013 \u015bwiatowy lider materia\u0142\u00f3w pomocniczych do proces\u00f3w kompozytowych z ponad 50-letnim do\u015bwiadczeniem.<\/p>","protected":false},"excerpt":{"rendered":"<p>EconoTape 1 to niedroga, uniwersalna ta\u015bma samoprzylepna na bazie silikonu (typu flashtape), aktywowana naciskiem. Mo\u017ce by\u0107 stosowana do mocowania materia\u0142\u00f3w w metodzie worka pr\u00f3\u017cniowego, zaklejaniu po\u0142\u0105cze\u0144 przy produkcji form oraz innych element\u00f3w uk\u0142adu podczas laminowania. EconoTape 1 nadaje si\u0119 do zastosowa\u0144 w temperaturze od pokojowej do 50\u00b0F (177\u00b0C).<\/p>","protected":false},"featured_media":533,"comment_status":"open","ping_status":"closed","template":"","meta":[],"product_brand":[130],"product_cat":[80,73,72,35,33,61,76,67,34,74],"product_tag":[138],"class_list":{"0":"post-529","1":"product","2":"type-product","3":"status-publish","4":"has-post-thumbnail","6":"product_brand-airtech","7":"product_cat-airtech","8":"product_cat-infuzja-prozniowa","9":"product_cat-laminacja-reczna","10":"product_cat-marka","11":"product_cat-materialy-pomocnicze","12":"product_cat-metoda-worka-prozniowego","13":"product_cat-prepreg","14":"product_cat-tasmy-i-weze","15":"product_cat-technologia","16":"product_cat-worka-prozniowego-laminacja","17":"product_tag-airtech","18":"product_shipping_class-standard","20":"first","21":"instock","22":"taxable","23":"shipping-taxable","24":"purchasable","25":"product-type-simple"},"_links":{"self":[{"href":"https:\/\/exatec.pl\/en\/wp-json\/wp\/v2\/product\/529","targetHints":{"allow":["GET"]}}],"collection":[{"href":"https:\/\/exatec.pl\/en\/wp-json\/wp\/v2\/product"}],"about":[{"href":"https:\/\/exatec.pl\/en\/wp-json\/wp\/v2\/types\/product"}],"replies":[{"embeddable":true,"href":"https:\/\/exatec.pl\/en\/wp-json\/wp\/v2\/comments?post=529"}],"wp:featuredmedia":[{"embeddable":true,"href":"https:\/\/exatec.pl\/en\/wp-json\/wp\/v2\/media\/533"}],"wp:attachment":[{"href":"https:\/\/exatec.pl\/en\/wp-json\/wp\/v2\/media?parent=529"}],"wp:term":[{"taxonomy":"product_brand","embeddable":true,"href":"https:\/\/exatec.pl\/en\/wp-json\/wp\/v2\/product_brand?post=529"},{"taxonomy":"product_cat","embeddable":true,"href":"https:\/\/exatec.pl\/en\/wp-json\/wp\/v2\/product_cat?post=529"},{"taxonomy":"product_tag","embeddable":true,"href":"https:\/\/exatec.pl\/en\/wp-json\/wp\/v2\/product_tag?post=529"}],"curies":[{"name":"wp","href":"https:\/\/api.w.org\/{rel}","templated":true}]}}