{"id":532,"date":"2025-12-29T11:54:53","date_gmt":"2025-12-29T11:54:53","guid":{"rendered":"https:\/\/srv101999.seohost.com.pl\/?post_type=product&#038;p=532"},"modified":"2026-04-19T18:27:34","modified_gmt":"2026-04-19T18:27:34","slug":"axel-xtend-cx-500-cleaner-05l","status":"publish","type":"product","link":"https:\/\/exatec.pl\/en\/product\/axel-xtend-cx-500-cleaner-05l\/","title":{"rendered":"AXEL XTEND CX-500 &#8211; cleaner 0,5l"},"content":{"rendered":"<p><strong>AXEL CX-500<\/strong>\u00a0jest specjalistycznym preparatem przeznaczonym do czyszczenia i wst\u0119pnego przygotowania powierzchni form w procesach produkcji kompozyt\u00f3w. Skutecznie usuwa pozosta\u0142o\u015bci wosk\u00f3w, \u015brodk\u00f3w rozdzielaj\u0105cych, olej\u00f3w technologicznych oraz inne zanieczyszczenia procesowe, nie uszkadzaj\u0105c powierzchni narz\u0119dzia.<\/p>\n<p>Produkt stosuje si\u0119 jako pierwszy etap przygotowania formy, zapewniaj\u0105c czyst\u0105 i jednorodn\u0105 powierzchni\u0119 przed aplikacj\u0105 sealer\u00f3w oraz p\u00f3\u0142trwa\u0142ych \u015brodk\u00f3w antyadhezyjnych. Prawid\u0142owe u\u017cycie AXEL CX-500 poprawia powtarzalno\u015b\u0107 rozformowania, jako\u015b\u0107 powierzchni detali oraz stabilno\u015b\u0107 ca\u0142ego procesu.<\/p>\n<p><strong>Najwa\u017cniejsze zalety:<\/strong><\/p>\n<ul>\n<li>Skuteczne usuwanie zanieczyszcze\u0144 z powierzchni form<\/li>\n<li>Optymalne przygotowanie do aplikacji sealer\u00f3w i release agent\u00f3w<\/li>\n<li>Poprawa jako\u015bci powierzchni i niezawodno\u015bci rozformowania<\/li>\n<li>Odpowiedni do form kompozytowych i metalowych<\/li>\n<\/ul>\n<p class=\"manufacturer-ref\"><strong>Producent:<\/strong> <a href=\"https:\/\/www.axelplastics.com\" target=\"_blank\" rel=\"noopener\">Axel Plastics<\/a> \u2013 ameryka\u0144ski producent zaawansowanych system\u00f3w rozdzielczych do form kompozytowych.<\/p>","protected":false},"excerpt":{"rendered":"<p>AXEL CX-500 to profesjonalny \u015brodek do czyszczenia i przygotowania powierzchni form kompozytowych przed aplikacj\u0105 sealer\u00f3w i \u015brodk\u00f3w antyadhezyjnych.<\/p>","protected":false},"featured_media":537,"comment_status":"open","ping_status":"closed","template":"","meta":[],"product_brand":[127],"product_cat":[81,73,72,35,62,33,76,69,34,74],"product_tag":[25],"class_list":{"0":"post-532","1":"product","2":"type-product","3":"status-publish","4":"has-post-thumbnail","6":"product_brand-axel","7":"product_cat-axel","8":"product_cat-infuzja-prozniowa","9":"product_cat-laminacja-reczna","10":"product_cat-marka","11":"product_cat-materialy-dodatkowe","12":"product_cat-materialy-pomocnicze","13":"product_cat-prepreg","14":"product_cat-rozdzielacz","15":"product_cat-technologia","16":"product_cat-worka-prozniowego-laminacja","17":"product_tag-axel","18":"product_shipping_class-standard","20":"first","21":"outofstock","22":"taxable","23":"shipping-taxable","24":"purchasable","25":"product-type-simple"},"_links":{"self":[{"href":"https:\/\/exatec.pl\/en\/wp-json\/wp\/v2\/product\/532","targetHints":{"allow":["GET"]}}],"collection":[{"href":"https:\/\/exatec.pl\/en\/wp-json\/wp\/v2\/product"}],"about":[{"href":"https:\/\/exatec.pl\/en\/wp-json\/wp\/v2\/types\/product"}],"replies":[{"embeddable":true,"href":"https:\/\/exatec.pl\/en\/wp-json\/wp\/v2\/comments?post=532"}],"wp:featuredmedia":[{"embeddable":true,"href":"https:\/\/exatec.pl\/en\/wp-json\/wp\/v2\/media\/537"}],"wp:attachment":[{"href":"https:\/\/exatec.pl\/en\/wp-json\/wp\/v2\/media?parent=532"}],"wp:term":[{"taxonomy":"product_brand","embeddable":true,"href":"https:\/\/exatec.pl\/en\/wp-json\/wp\/v2\/product_brand?post=532"},{"taxonomy":"product_cat","embeddable":true,"href":"https:\/\/exatec.pl\/en\/wp-json\/wp\/v2\/product_cat?post=532"},{"taxonomy":"product_tag","embeddable":true,"href":"https:\/\/exatec.pl\/en\/wp-json\/wp\/v2\/product_tag?post=532"}],"curies":[{"name":"wp","href":"https:\/\/api.w.org\/{rel}","templated":true}]}}